{"id":97,"date":"2013-10-11T16:14:35","date_gmt":"2013-10-11T16:14:35","guid":{"rendered":"http:\/\/localhost:8888\/wordpress\/?page_id=97"},"modified":"2019-08-12T19:34:49","modified_gmt":"2019-08-12T19:34:49","slug":"grabacion-y-fotografia-aerea","status":"publish","type":"page","link":"https:\/\/droplightfilms.com\/?page_id=97","title":{"rendered":"Grabaci\u00f3n y fotograf\u00eda aerea"},"content":{"rendered":"\t\t<div data-elementor-type=\"wp-post\" data-elementor-id=\"97\" class=\"elementor elementor-97\">\n\t\t\t\t\t\t<div class=\"elementor-inner\">\n\t\t\t\t<div class=\"elementor-section-wrap\">\n\t\t\t\t\t\t\t\t\t<section class=\"elementor-section elementor-top-section elementor-element elementor-element-5796be4 elementor-section-boxed elementor-section-height-default elementor-section-height-default\" data-id=\"5796be4\" data-element_type=\"section\">\n\t\t\t\t\t\t<div class=\"elementor-container elementor-column-gap-default\">\n\t\t\t\t\t\t\t<div class=\"elementor-row\">\n\t\t\t\t\t<div class=\"elementor-column elementor-col-100 elementor-top-column elementor-element elementor-element-d4f7f24\" data-id=\"d4f7f24\" data-element_type=\"column\">\n\t\t\t<div class=\"elementor-column-wrap elementor-element-populated\">\n\t\t\t\t\t\t\t<div class=\"elementor-widget-wrap\">\n\t\t\t\t\t\t<div class=\"elementor-element elementor-element-5c5a93b elementor-widget elementor-widget-text-editor\" data-id=\"5c5a93b\" data-element_type=\"widget\" data-widget_type=\"text-editor.default\">\n\t\t\t\t<div class=\"elementor-widget-container\">\n\t\t\t\t\t\t\t\t<div class=\"elementor-text-editor elementor-clearfix\">\n\t\t\t\t<p>\u00a0La grabaci\u00f3n a\u00e9rea, hasta ahora \u00fanicamente accesible\u00a0a producciones con costes elevados, entra en una nueva etapa con la incursi\u00f3n de los multic\u00f3pteros.<\/p>\t\t\t\t\t<\/div>\n\t\t\t\t\t\t<\/div>\n\t\t\t\t<\/div>\n\t\t\t\t<div class=\"elementor-element elementor-element-2177fba elementor-widget elementor-widget-text-editor\" data-id=\"2177fba\" data-element_type=\"widget\" data-widget_type=\"text-editor.default\">\n\t\t\t\t<div class=\"elementor-widget-container\">\n\t\t\t\t\t\t\t\t<div class=\"elementor-text-editor elementor-clearfix\">\n\t\t\t\t\t\t\t\t\t<\/div>\n\t\t\t\t\t\t<\/div>\n\t\t\t\t<\/div>\n\t\t\t\t\t\t<\/div>\n\t\t\t\t\t<\/div>\n\t\t<\/div>\n\t\t\t\t\t\t\t\t<\/div>\n\t\t\t\t\t<\/div>\n\t\t<\/section>\n\t\t\t\t<section class=\"elementor-section elementor-top-section elementor-element elementor-element-5482370 elementor-section-boxed elementor-section-height-default elementor-section-height-default\" data-id=\"5482370\" data-element_type=\"section\">\n\t\t\t\t\t\t<div class=\"elementor-container elementor-column-gap-default\">\n\t\t\t\t\t\t\t<div class=\"elementor-row\">\n\t\t\t\t\t<div class=\"elementor-column elementor-col-50 elementor-top-column elementor-element elementor-element-78a97a5\" data-id=\"78a97a5\" data-element_type=\"column\">\n\t\t\t<div class=\"elementor-column-wrap elementor-element-populated\">\n\t\t\t\t\t\t\t<div class=\"elementor-widget-wrap\">\n\t\t\t\t\t\t<div class=\"elementor-element elementor-element-c4e0347 elementor-widget elementor-widget-text-editor\" data-id=\"c4e0347\" data-element_type=\"widget\" data-widget_type=\"text-editor.default\">\n\t\t\t\t<div class=\"elementor-widget-container\">\n\t\t\t\t\t\t\t\t<div class=\"elementor-text-editor elementor-clearfix\">\n\t\t\t\t<p>Los multic\u00f3pteros son plataformas voladoras controladas por radiocontrol o\u00a0mediante la programaci\u00f3n de (waypoints) coordenadas GPS que permiten establecer rutas automatizadas. Fabricados con materiales ligeros como el aluminio y la fibra de carbono existen diferentes configuraciones dependiendo del tipo de trabajo a realizar y de la carga que tienen que soportar, siendo las configuraciones mas usuales las que disponen de 4,6 y 8 rotores, todos ellos controlados por una unidad central que es la encargada de mantener la estabilidad constante \u00a0de un modo totalmente autom\u00e1tico.<\/p><p>\u00a0<\/p>\t\t\t\t\t<\/div>\n\t\t\t\t\t\t<\/div>\n\t\t\t\t<\/div>\n\t\t\t\t\t\t<\/div>\n\t\t\t\t\t<\/div>\n\t\t<\/div>\n\t\t\t\t<div class=\"elementor-column elementor-col-50 elementor-top-column elementor-element elementor-element-aed5cdf\" data-id=\"aed5cdf\" data-element_type=\"column\">\n\t\t\t<div class=\"elementor-column-wrap elementor-element-populated\">\n\t\t\t\t\t\t\t<div class=\"elementor-widget-wrap\">\n\t\t\t\t\t\t<div class=\"elementor-element elementor-element-7cd78bd elementor-widget elementor-widget-image\" data-id=\"7cd78bd\" data-element_type=\"widget\" data-widget_type=\"image.default\">\n\t\t\t\t<div class=\"elementor-widget-container\">\n\t\t\t\t\t\t\t\t<div class=\"elementor-image\">\n\t\t\t\t\t\t\t\t\t\t\t\t<img decoding=\"async\" width=\"851\" height=\"568\" src=\"https:\/\/droplightfilms.com\/wordpress\/wp-content\/uploads\/2014\/03\/DSC_4924-1024x683.jpg\" class=\"attachment-large size-large wp-image-565\" alt=\"\" loading=\"lazy\" srcset=\"https:\/\/droplightfilms.com\/wordpress\/wp-content\/uploads\/2014\/03\/DSC_4924-1024x683.jpg 1024w, https:\/\/droplightfilms.com\/wordpress\/wp-content\/uploads\/2014\/03\/DSC_4924-1024x683-300x200.jpg 300w, https:\/\/droplightfilms.com\/wordpress\/wp-content\/uploads\/2014\/03\/DSC_4924-1024x683-710x473.jpg 710w, https:\/\/droplightfilms.com\/wordpress\/wp-content\/uploads\/2014\/03\/DSC_4924-1024x683-320x213.jpg 320w, https:\/\/droplightfilms.com\/wordpress\/wp-content\/uploads\/2014\/03\/DSC_4924-1024x683-211x142.jpg 211w\" sizes=\"(max-width: 851px) 100vw, 851px\" \/>\t\t\t\t\t\t\t\t\t\t\t\t\t\t<\/div>\n\t\t\t\t\t\t<\/div>\n\t\t\t\t<\/div>\n\t\t\t\t\t\t<\/div>\n\t\t\t\t\t<\/div>\n\t\t<\/div>\n\t\t\t\t\t\t\t\t<\/div>\n\t\t\t\t\t<\/div>\n\t\t<\/section>\n\t\t\t\t<section class=\"elementor-section elementor-top-section elementor-element elementor-element-8bed089 elementor-section-boxed elementor-section-height-default elementor-section-height-default\" data-id=\"8bed089\" data-element_type=\"section\">\n\t\t\t\t\t\t<div class=\"elementor-container elementor-column-gap-default\">\n\t\t\t\t\t\t\t<div class=\"elementor-row\">\n\t\t\t\t\t<div class=\"elementor-column elementor-col-100 elementor-top-column elementor-element elementor-element-07e7853\" data-id=\"07e7853\" data-element_type=\"column\">\n\t\t\t<div class=\"elementor-column-wrap elementor-element-populated\">\n\t\t\t\t\t\t\t<div class=\"elementor-widget-wrap\">\n\t\t\t\t\t\t<div class=\"elementor-element elementor-element-e3cf0e1 elementor-widget elementor-widget-text-editor\" data-id=\"e3cf0e1\" data-element_type=\"widget\" data-widget_type=\"text-editor.default\">\n\t\t\t\t<div class=\"elementor-widget-container\">\n\t\t\t\t\t\t\t\t<div class=\"elementor-text-editor elementor-clearfix\">\n\t\t\t\t<p>\u00a0La c\u00e1mara se monta \u00a0normalmente sobre un soporte tipo Cardan que mediante gir\u00f3scopos compensa los movimientos que se producen durante vuelo, haciendo que las grabaciones sean totalmente estables. Los \u00e1mbitos donde se puede aplicar esta tecnolog\u00eda son muchos:<\/p>\t\t\t\t\t<\/div>\n\t\t\t\t\t\t<\/div>\n\t\t\t\t<\/div>\n\t\t\t\t\t\t<\/div>\n\t\t\t\t\t<\/div>\n\t\t<\/div>\n\t\t\t\t\t\t\t\t<\/div>\n\t\t\t\t\t<\/div>\n\t\t<\/section>\n\t\t\t\t<section class=\"elementor-section elementor-top-section elementor-element elementor-element-95b061e elementor-section-boxed elementor-section-height-default elementor-section-height-default\" data-id=\"95b061e\" data-element_type=\"section\">\n\t\t\t\t\t\t<div class=\"elementor-container elementor-column-gap-default\">\n\t\t\t\t\t\t\t<div class=\"elementor-row\">\n\t\t\t\t\t<div class=\"elementor-column elementor-col-50 elementor-top-column elementor-element elementor-element-5713335\" data-id=\"5713335\" data-element_type=\"column\">\n\t\t\t<div class=\"elementor-column-wrap elementor-element-populated\">\n\t\t\t\t\t\t\t<div class=\"elementor-widget-wrap\">\n\t\t\t\t\t\t<div class=\"elementor-element elementor-element-399951f elementor-widget elementor-widget-text-editor\" data-id=\"399951f\" data-element_type=\"widget\" data-widget_type=\"text-editor.default\">\n\t\t\t\t<div class=\"elementor-widget-container\">\n\t\t\t\t\t\t\t\t<div class=\"elementor-text-editor elementor-clearfix\">\n\t\t\t\t<ul><li style=\"list-style-type: none;\"><ul><li style=\"list-style-type: none;\"><ul><li style=\"list-style-type: none;\"><ul><li style=\"list-style-type: none;\"><ul><li style=\"list-style-type: none;\"><ul><li style=\"list-style-type: none;\"><ul><li><span style=\"color: #ff0000;\">Promoci\u00f3n tur\u00edstica<\/span><\/li><li><span style=\"color: #ff0000;\">Inspecci\u00f3n de edificios<\/span><\/li><li><span style=\"color: #ff0000;\">Control de gasoductos<\/span><\/li><li><span style=\"color: #ff0000;\">Seguimiento de obras<\/span><\/li><li><span style=\"color: #ff0000;\">Arqueolog\u00eda<\/span><\/li><li><span style=\"color: #ff0000;\">Ficci\u00f3n cinematogr\u00e1fica<\/span><\/li><li><span style=\"color: #ff0000;\">Control de instalaciones<\/span><\/li><li><span style=\"color: #ff0000;\">Vigilancia<\/span><\/li><li><span style=\"color: #ff0000;\">Control de Trafico<\/span><\/li><\/ul><\/li><\/ul><\/li><\/ul><\/li><\/ul><\/li><\/ul><\/li><\/ul><\/li><\/ul>\t\t\t\t\t<\/div>\n\t\t\t\t\t\t<\/div>\n\t\t\t\t<\/div>\n\t\t\t\t\t\t<\/div>\n\t\t\t\t\t<\/div>\n\t\t<\/div>\n\t\t\t\t<div class=\"elementor-column elementor-col-50 elementor-top-column elementor-element elementor-element-20d04a9\" data-id=\"20d04a9\" data-element_type=\"column\">\n\t\t\t<div class=\"elementor-column-wrap elementor-element-populated\">\n\t\t\t\t\t\t\t<div class=\"elementor-widget-wrap\">\n\t\t\t\t\t\t<div class=\"elementor-element elementor-element-25ead27 elementor-widget elementor-widget-text-editor\" data-id=\"25ead27\" data-element_type=\"widget\" data-widget_type=\"text-editor.default\">\n\t\t\t\t<div class=\"elementor-widget-container\">\n\t\t\t\t\t\t\t\t<div class=\"elementor-text-editor elementor-clearfix\">\n\t\t\t\t<ul><li style=\"list-style-type: none;\"><ul><li style=\"list-style-type: none;\"><ul><li style=\"list-style-type: none;\"><ul><li style=\"list-style-type: none;\"><ul><li style=\"list-style-type: none;\"><ul><li><span style=\"color: #ff0000;\">Urbanismo<\/span><\/li><li><span style=\"color: #ff0000;\">Control de l\u00edneas de alta tensi\u00f3n<\/span><\/li><li><span style=\"color: #ff0000;\">Control de fronteras<\/span><\/li><li><span style=\"color: #ff0000;\">Observaci\u00f3n de aves<\/span><\/li><li><span style=\"color: #ff0000;\">Geologia<\/span><\/li><li><span style=\"color: #ff0000;\">Topografia<\/span><\/li><li><span style=\"color: #ff0000;\">Geolog\u00eda<\/span><\/li><li><span style=\"color: #ff0000;\">Control de incendios<\/span><\/li><li><span style=\"color: #ff0000;\">Socorrismo<\/span><\/li><\/ul><\/li><\/ul><\/li><\/ul><\/li><\/ul><\/li><\/ul><\/li><\/ul>\t\t\t\t\t<\/div>\n\t\t\t\t\t\t<\/div>\n\t\t\t\t<\/div>\n\t\t\t\t\t\t<\/div>\n\t\t\t\t\t<\/div>\n\t\t<\/div>\n\t\t\t\t\t\t\t\t<\/div>\n\t\t\t\t\t<\/div>\n\t\t<\/section>\n\t\t\t\t<section class=\"elementor-section elementor-top-section elementor-element elementor-element-a897d67 elementor-section-boxed elementor-section-height-default elementor-section-height-default\" data-id=\"a897d67\" data-element_type=\"section\">\n\t\t\t\t\t\t<div class=\"elementor-container elementor-column-gap-default\">\n\t\t\t\t\t\t\t<div class=\"elementor-row\">\n\t\t\t\t\t<div class=\"elementor-column elementor-col-100 elementor-top-column elementor-element elementor-element-5f3f659\" data-id=\"5f3f659\" data-element_type=\"column\">\n\t\t\t<div class=\"elementor-column-wrap\">\n\t\t\t\t\t\t\t<div class=\"elementor-widget-wrap\">\n\t\t\t\t\t\t\t\t<\/div>\n\t\t\t\t\t<\/div>\n\t\t<\/div>\n\t\t\t\t\t\t\t\t<\/div>\n\t\t\t\t\t<\/div>\n\t\t<\/section>\n\t\t\t\t<section class=\"elementor-section elementor-top-section elementor-element elementor-element-1d8ffe0 elementor-section-boxed elementor-section-height-default elementor-section-height-default\" data-id=\"1d8ffe0\" data-element_type=\"section\">\n\t\t\t\t\t\t<div class=\"elementor-container elementor-column-gap-default\">\n\t\t\t\t\t\t\t<div class=\"elementor-row\">\n\t\t\t\t\t<div class=\"elementor-column elementor-col-100 elementor-top-column elementor-element elementor-element-f508e6e\" data-id=\"f508e6e\" data-element_type=\"column\">\n\t\t\t<div class=\"elementor-column-wrap\">\n\t\t\t\t\t\t\t<div class=\"elementor-widget-wrap\">\n\t\t\t\t\t\t\t\t<\/div>\n\t\t\t\t\t<\/div>\n\t\t<\/div>\n\t\t\t\t\t\t\t\t<\/div>\n\t\t\t\t\t<\/div>\n\t\t<\/section>\n\t\t\t\t<section class=\"elementor-section elementor-top-section elementor-element elementor-element-b2d4210 elementor-section-boxed elementor-section-height-default elementor-section-height-default\" data-id=\"b2d4210\" data-element_type=\"section\">\n\t\t\t\t\t\t<div class=\"elementor-container elementor-column-gap-default\">\n\t\t\t\t\t\t\t<div class=\"elementor-row\">\n\t\t\t\t\t<div class=\"elementor-column elementor-col-100 elementor-top-column elementor-element elementor-element-4c8ee0d\" data-id=\"4c8ee0d\" data-element_type=\"column\">\n\t\t\t<div class=\"elementor-column-wrap elementor-element-populated\">\n\t\t\t\t\t\t\t<div class=\"elementor-widget-wrap\">\n\t\t\t\t\t\t<div class=\"elementor-element elementor-element-dfd8764 elementor-widget elementor-widget-text-editor\" data-id=\"dfd8764\" data-element_type=\"widget\" data-widget_type=\"text-editor.default\">\n\t\t\t\t<div class=\"elementor-widget-container\">\n\t\t\t\t\t\t\t\t<div class=\"elementor-text-editor elementor-clearfix\">\n\t\t\t\t<p>\u00a0 Los multic\u00f3pteros se pueden volar pr\u00e1cticamente en cualquier lugar; desde interiores amplios como almacenes, instalaciones deportivas, etc.. hasta exteriores de todo tipo; bosques, sobre el mar, acantilados, monta\u00f1as. Se pueden conseguir im\u00e1genes impactantes que de otra forma serian casi imposibles de realizar ya que la capacidad para despegar desde cualquier lugar y de maniobrar es superior a cualquier aparato volador\u00a0 convencional.<\/p><p>\u00a0\u00a0 En Drop Light Films hemos desarrollado la configuraci\u00f3n de nuestros propios multicopteros. Disponemos de varios multicopteros adecuados a distintos tipos de grabaci\u00f3n.<\/p><p>\u00a0\u00a0 \u00a0Los multic\u00f3pteros son herramientas de trabajo y como tales han de considerarse siempre los posibles riesgos que ello puede comportar, por eso nuestros operadores son profesionales\u00a0 con el conocimiento la destreza y la responsabilidad demostrada para llevar acabo dichas tareas.<\/p><p>\u00a0 Nuestro equipo de producci\u00f3n gestionara los permisos y seguros necesarios para que la cobertura legal sea la adecuada.<\/p>\t\t\t\t\t<\/div>\n\t\t\t\t\t\t<\/div>\n\t\t\t\t<\/div>\n\t\t\t\t\t\t<\/div>\n\t\t\t\t\t<\/div>\n\t\t<\/div>\n\t\t\t\t\t\t\t\t<\/div>\n\t\t\t\t\t<\/div>\n\t\t<\/section>\n\t\t\t\t<section class=\"elementor-section elementor-top-section elementor-element elementor-element-20028c7 elementor-section-boxed elementor-section-height-default elementor-section-height-default\" data-id=\"20028c7\" data-element_type=\"section\">\n\t\t\t\t\t\t<div class=\"elementor-container elementor-column-gap-default\">\n\t\t\t\t\t\t\t<div class=\"elementor-row\">\n\t\t\t\t\t<div class=\"elementor-column elementor-col-100 elementor-top-column elementor-element elementor-element-363aaa0\" data-id=\"363aaa0\" data-element_type=\"column\">\n\t\t\t<div class=\"elementor-column-wrap elementor-element-populated\">\n\t\t\t\t\t\t\t<div class=\"elementor-widget-wrap\">\n\t\t\t\t\t\t<div class=\"elementor-element elementor-element-86a2b12 elementor-widget elementor-widget-image\" data-id=\"86a2b12\" data-element_type=\"widget\" data-widget_type=\"image.default\">\n\t\t\t\t<div class=\"elementor-widget-container\">\n\t\t\t\t\t\t\t\t<div class=\"elementor-image\">\n\t\t\t\t\t\t\t\t\t\t\t\t<img decoding=\"async\" width=\"851\" height=\"248\" src=\"https:\/\/droplightfilms.com\/wordpress\/wp-content\/uploads\/2019\/08\/Registro-DLF-AESA-1024x299.jpg\" class=\"attachment-large size-large wp-image-743\" alt=\"\" loading=\"lazy\" srcset=\"https:\/\/droplightfilms.com\/wordpress\/wp-content\/uploads\/2019\/08\/Registro-DLF-AESA-1024x299.jpg 1024w, https:\/\/droplightfilms.com\/wordpress\/wp-content\/uploads\/2019\/08\/Registro-DLF-AESA-300x88.jpg 300w, https:\/\/droplightfilms.com\/wordpress\/wp-content\/uploads\/2019\/08\/Registro-DLF-AESA-768x224.jpg 768w, https:\/\/droplightfilms.com\/wordpress\/wp-content\/uploads\/2019\/08\/Registro-DLF-AESA.jpg 1119w\" sizes=\"(max-width: 851px) 100vw, 851px\" \/>\t\t\t\t\t\t\t\t\t\t\t\t\t\t<\/div>\n\t\t\t\t\t\t<\/div>\n\t\t\t\t<\/div>\n\t\t\t\t\t\t<\/div>\n\t\t\t\t\t<\/div>\n\t\t<\/div>\n\t\t\t\t\t\t\t\t<\/div>\n\t\t\t\t\t<\/div>\n\t\t<\/section>\n\t\t\t\t<section class=\"elementor-section elementor-top-section elementor-element elementor-element-ddfd673 elementor-section-boxed elementor-section-height-default elementor-section-height-default\" data-id=\"ddfd673\" data-element_type=\"section\">\n\t\t\t\t\t\t<div class=\"elementor-container elementor-column-gap-default\">\n\t\t\t\t\t\t\t<div class=\"elementor-row\">\n\t\t\t\t\t<div class=\"elementor-column elementor-col-100 elementor-top-column elementor-element elementor-element-72bb5e6\" data-id=\"72bb5e6\" data-element_type=\"column\">\n\t\t\t<div class=\"elementor-column-wrap elementor-element-populated\">\n\t\t\t\t\t\t\t<div class=\"elementor-widget-wrap\">\n\t\t\t\t\t\t<div class=\"elementor-element elementor-element-cee1b8c elementor-widget elementor-widget-text-editor\" data-id=\"cee1b8c\" data-element_type=\"widget\" data-widget_type=\"text-editor.default\">\n\t\t\t\t<div class=\"elementor-widget-container\">\n\t\t\t\t\t\t\t\t<div class=\"elementor-text-editor elementor-clearfix\">\n\t\t\t\t<h1 style=\"text-align: center;\"><span style=\"color: #ff0000;\"><strong>POL\u00cdTICA DE FILMACI\u00d3N CON MULTIC\u00d3PTEROS DE DROPLIGHTFILMS S.L.U.<\/strong><\/span><\/h1>\t\t\t\t\t<\/div>\n\t\t\t\t\t\t<\/div>\n\t\t\t\t<\/div>\n\t\t\t\t\t\t<\/div>\n\t\t\t\t\t<\/div>\n\t\t<\/div>\n\t\t\t\t\t\t\t\t<\/div>\n\t\t\t\t\t<\/div>\n\t\t<\/section>\n\t\t\t\t<section class=\"elementor-section elementor-top-section elementor-element elementor-element-ffeae4c elementor-section-boxed elementor-section-height-default elementor-section-height-default\" data-id=\"ffeae4c\" data-element_type=\"section\">\n\t\t\t\t\t\t<div class=\"elementor-container elementor-column-gap-default\">\n\t\t\t\t\t\t\t<div class=\"elementor-row\">\n\t\t\t\t\t<div class=\"elementor-column elementor-col-100 elementor-top-column elementor-element elementor-element-8d46f1a\" data-id=\"8d46f1a\" data-element_type=\"column\">\n\t\t\t<div class=\"elementor-column-wrap elementor-element-populated\">\n\t\t\t\t\t\t\t<div class=\"elementor-widget-wrap\">\n\t\t\t\t\t\t<div class=\"elementor-element elementor-element-4ab3427 elementor-widget elementor-widget-text-editor\" data-id=\"4ab3427\" data-element_type=\"widget\" data-widget_type=\"text-editor.default\">\n\t\t\t\t<div class=\"elementor-widget-container\">\n\t\t\t\t\t\t\t\t<div class=\"elementor-text-editor elementor-clearfix\">\n\t\t\t\t<h4 style=\"text-align: center;\" data-element=\"pt-left-pullquote\">No se realizar\u00e1n grabaciones cenitales sobre zonas pobladas.<\/h4><h4 style=\"text-align: center;\" data-element=\"pt-left-pullquote\">No se realizar\u00e1n encargos que puedan atentar contra la privacidad de las personas.<\/h4><h4 style=\"text-align: center;\" data-element=\"pt-left-pullquote\">No se realizar\u00e1n vuelos en zonas que no se consideren seguras.<\/h4><h4 style=\"text-align: center;\" data-element=\"pt-left-pullquote\">No se realizar\u00e1n vuelos cuando las condiciones meteorol\u00f3gicas sean adversas.<\/h4>\t\t\t\t\t<\/div>\n\t\t\t\t\t\t<\/div>\n\t\t\t\t<\/div>\n\t\t\t\t\t\t<\/div>\n\t\t\t\t\t<\/div>\n\t\t<\/div>\n\t\t\t\t\t\t\t\t<\/div>\n\t\t\t\t\t<\/div>\n\t\t<\/section>\n\t\t\t\t\t\t\t\t\t<\/div>\n\t\t\t<\/div>\n\t\t\t\t\t<\/div>\n\t\t","protected":false},"excerpt":{"rendered":"<p>\u00a0La grabaci\u00f3n a\u00e9rea, hasta ahora \u00fanicamente accesible\u00a0a producciones con costes elevados, entra en una nueva etapa con la incursi\u00f3n de&hellip; <a class=\"more-link\" href=\"https:\/\/droplightfilms.com\/?page_id=97\">Read more &raquo;<\/a><\/p>\n","protected":false},"author":1,"featured_media":0,"parent":29,"menu_order":0,"comment_status":"open","ping_status":"open","template":"home-composition.php","meta":[],"_links":{"self":[{"href":"https:\/\/droplightfilms.com\/index.php?rest_route=\/wp\/v2\/pages\/97"}],"collection":[{"href":"https:\/\/droplightfilms.com\/index.php?rest_route=\/wp\/v2\/pages"}],"about":[{"href":"https:\/\/droplightfilms.com\/index.php?rest_route=\/wp\/v2\/types\/page"}],"author":[{"embeddable":true,"href":"https:\/\/droplightfilms.com\/index.php?rest_route=\/wp\/v2\/users\/1"}],"replies":[{"embeddable":true,"href":"https:\/\/droplightfilms.com\/index.php?rest_route=%2Fwp%2Fv2%2Fcomments&post=97"}],"version-history":[{"count":26,"href":"https:\/\/droplightfilms.com\/index.php?rest_route=\/wp\/v2\/pages\/97\/revisions"}],"predecessor-version":[{"id":763,"href":"https:\/\/droplightfilms.com\/index.php?rest_route=\/wp\/v2\/pages\/97\/revisions\/763"}],"up":[{"embeddable":true,"href":"https:\/\/droplightfilms.com\/index.php?rest_route=\/wp\/v2\/pages\/29"}],"wp:attachment":[{"href":"https:\/\/droplightfilms.com\/index.php?rest_route=%2Fwp%2Fv2%2Fmedia&parent=97"}],"curies":[{"name":"wp","href":"https:\/\/api.w.org\/{rel}","templated":true}]}}