{"id":960,"date":"2019-12-10T12:53:32","date_gmt":"2019-12-10T12:53:32","guid":{"rendered":"http:\/\/droplightfilms.com\/?page_id=960"},"modified":"2022-11-15T10:27:28","modified_gmt":"2022-11-15T10:27:28","slug":"politica-de-privacidad","status":"publish","type":"page","link":"https:\/\/droplightfilms.com\/?page_id=960","title":{"rendered":"Pol\u00edtica de Privacidad"},"content":{"rendered":"\n<p>\u201cDrop Light Films\u201d se encuentra\nprofundamente comprometido con el cumplimiento de la normativa espa\u00f1ola y\neuropea de protecci\u00f3n de datos de car\u00e1cter personal, y garantiza el\ncumplimiento \u00edntegro de las obligaciones dispuestas, as\u00ed como la implementaci\u00f3n\nde las medidas de seguridad dispuestas en el Reglamento General de Protecci\u00f3n\nde Datos (RGPD) (UE) 2016\/679 y en Ley Org\u00e1nica 3\/2018, de 5 de diciembre,\nsobre protecci\u00f3n de datos y derechos digitales <a>(LOPD y\nGDD, en adelante LOPD).<\/a><\/p>\n\n\n\n<p>De conformidad con estas normativas, informamos que la\nutilizaci\u00f3n de nuestra web puede requerir que se faciliten ciertos datos\npersonales a trav\u00e9s de formularios de contacto, o mediante el env\u00edo de emails,\ny que \u00e9stos ser\u00e1n objeto de tratamiento por \u201c<strong>Drop\nLight Films\u201d<\/strong>, Responsable del tratamiento, cuyos datos son:<\/p>\n\n\n\n<ul><li><strong>Denominaci\u00f3n Social<\/strong>: Drop Light Films S.L.U.<\/li><li><strong>CIF<\/strong>: B17946294<\/li><li><strong>Domicilio Social<\/strong>: Carrer Vernar 24, Castell\u00f3 Nou, 17486, Castello d\u2019Empuries, Girona<\/li><li><strong>Tel\u00e9fono<\/strong>: 609325945<\/li><li><strong>eMail<\/strong>: <a href=\"mailto:info@droplightfilms.com\">info@droplightfilms.com<\/a> <br> <br> <\/li><\/ul>\n\n\n\n<p><a><strong>Obtenci\u00f3n y\nTratamiento de Datos Personales<\/strong><\/a><\/p>\n\n\n\n<p>Un dato personal es cualquier\ninformaci\u00f3n relativa a una persona: nombre, email, domicilio, tel\u00e9fono,\nNIF\/NIE&#8230; Adicionalmente, cuando un Usuario visita nuestro sitio web,\ndeterminada informaci\u00f3n se almacena autom\u00e1ticamente por motivos t\u00e9cnicos, como\nla direcci\u00f3n IP asignada por su proveedor de acceso a Internet.<\/p>\n\n\n\n<p>\u201cDrop Light Films\u201d, como Responsable\ndel Tratamiento, tiene el deber de informar a los Usuarios de su sitio web\nacerca de la recogida de datos de car\u00e1cter personal que pueden llevarse a cabo,\nbien sea mediante el env\u00edo de correo electr\u00f3nico o al cumplimentar los\nformularios incluidos en el sitio web.<\/p>\n\n\n\n<p>Se obtendr\u00e1n \u00fanicamente los datos\nprecisos para poder realizar el servicio contratado, o para poder responder\nadecuadamente a la petici\u00f3n de informaci\u00f3n realizada por el Usuario. Los datos\nrecabados son identificativos y corresponden a un m\u00ednimo razonable para poder\nllevar a t\u00e9rmino la actividad realizada. En particular, no se recogen datos\nespecialmente protegidos en ning\u00fan momento. En ning\u00fan caso se realizar\u00e1 un uso\ndiferente de los datos, que la finalidad para los que han sido recabados.<\/p>\n\n\n\n<p>Formularios de contacto\/email <\/p>\n\n\n\n<p><em>Finalidad<\/em>:\nDar contestaci\u00f3n a su solicitud de informaci\u00f3n realizada a trav\u00e9s de nuestro\/s\nformulario\/s de contacto.<\/p>\n\n\n\n<p><em>Legitimaci\u00f3n<\/em>:\nLa base jur\u00eddica que legitima este tratamiento es el consentimiento del\nUsuario, que podr\u00e1 revocar en cualquier momento.<\/p>\n\n\n\n<p><em>Cesi\u00f3n de datos<\/em>: Los\ndatos personales ser\u00e1n tratados a trav\u00e9s de servidores gestionados por <a href=\"https:\/\/www.arsys.es\/\">Arsys<\/a>, que tendr\u00e1 la consideraci\u00f3n de Encargado del Tratamiento.<\/p>\n\n\n\n<p><br>\nMenores de edad<\/p>\n\n\n\n<p>Solo podr\u00e1n usar este sitio web las personas mayores\nde 14 a\u00f1os. Seg\u00fan obliga la LOPD y GDD, en caso de menores de 14 a\u00f1os, ser\u00e1\ncondici\u00f3n obligatoria el consentimiento de sus padres o tutores para que podamos\ntratar sus datos personales.<\/p>\n\n\n\n<p><br>\nMedidas de Seguridad<strong><\/strong><\/p>\n\n\n\n<p>Se informa a los Usuarios de la web\nde \u201cDrop Light Films\u201d de que se&nbsp;han adoptado las medidas de seguridad\nt\u00e9cnicas, organizativas y de seguridad a nuestro alcance para evitar la\np\u00e9rdida, mal uso, alteraci\u00f3n, acceso no autorizado y robo de los datos, y que\ngarantizan as\u00ed la confidencialidad, integridad y calidad de la informaci\u00f3n\ncontenida en las mismas, de acuerdo con lo establecido en la normativa vigente\nen materia de protecci\u00f3n de datos. Los datos personales que se recogen en los\nformularios son objeto de tratamiento, \u00fanicamente,&nbsp;por parte del personal\nde \u201cDrop Light Films\u201d o de los Encargados del Tratamiento designados.<\/p>\n\n\n\n<p><strong><br>\n<\/strong><strong>Veracidad\nde los datos<\/strong><\/p>\n\n\n\n<p>El Usuario manifiesta que todos los\ndatos facilitados por \u00e9l son ciertos y correctos y se compromete a mantenerlos\nactualizados. El Usuario responder\u00e1 de la veracidad de sus datos y ser\u00e1 el\n\u00fanico responsable de cuantos conflictos o litigios pudieran resultar por la\nfalsedad de los mismos. Es importante que, para que podamos mantener los datos\npersonales actualizados, el Usuario informe a \u201cDrop Light Films\u201d siempre que\nhaya habido alguna modificaci\u00f3n en los mismos.<\/p>\n\n\n\n<p><a><strong><br>\nCesi\u00f3n de datos<\/strong><\/a><\/p>\n\n\n\n<p>\u201cDrop Light Films\u201d no ceder\u00e1 ni comunicar\u00e1 a ning\u00fan tercero\ntus datos, excepto en los casos legalmente previstos o cuando la prestaci\u00f3n de\nun servicio implique la necesidad de una relaci\u00f3n contractual con un Encargado\nde Tratamiento. As\u00ed, el Usuario acepta que algunos de los datos personales\nrecabados sean facilitados a estos Encargados del Tratamiento (plataformas de\npago, gestor\u00eda, intermediarios, etc.), cuando sea necesario para la efectiva\nrealizaci\u00f3n de un servicio contratado o producto adquirido. El Usuario acepta tambi\u00e9n\nque, en caso de prestaci\u00f3n de servicios, \u00e9stos puedan ser, total o\nparcialmente, subcontratados a otras personas o empresas, que tendr\u00e1n la\nconsideraci\u00f3n de Encargados del Tratamiento, con los que se ha convenido el\ncorrespondiente contrato de confidencialidad, o adherido a sus pol\u00edticas de\nprivacidad, establecidas en sus respectivas p\u00e1ginas web. El Usuario podr\u00e1\nnegarse a la cesi\u00f3n de sus datos a los Encargados del Tratamiento, mediante\npetici\u00f3n escrita, por cualquiera de los medios anteriormente referenciados.<\/p>\n\n\n\n<p>Adem\u00e1s, en aquellos casos en que sea necesario, los datos\nde Clientes podr\u00e1n ser cedidos a determinados organismos, en cumplimiento de una\nobligaci\u00f3n legal: Agencia Tributaria Espa\u00f1ola, entidades bancarias, Inspecci\u00f3n\nde Trabajo, etc.<\/p>\n\n\n\n<p><strong><br>\n<\/strong><strong>Ejercicio de Derechos del Usuario<\/strong><\/p>\n\n\n\n<p>La LOPD y el RGPD conceden a los interesados la posibilidad de\nejercer una serie de derechos relacionados con el tratamiento de sus datos\npersonales. Para ello, el Usuario deber\u00e1 dirigirse, aportando documentaci\u00f3n que\nacredite su identidad (DNI o pasaporte), mediante correo electr\u00f3nico a info@droplightfilms.com, o bien mediante comunicaci\u00f3n escrita a la\ndirecci\u00f3n que aparece en nuestro Aviso Legal. Dicha comunicaci\u00f3n deber\u00e1\nreflejar la siguiente informaci\u00f3n: nombre y apellidos del Usuario, la petici\u00f3n\nde solicitud, el domicilio y los datos acreditativos. <\/p>\n\n\n\n<p>El ejercicio de derechos deber\u00e1 ser realizado por el propio Usuario. No\nobstante, podr\u00e1n ser ejecutados por una persona autorizada como representante\nlegal del Usuario, aport\u00e1ndose la documentaci\u00f3n que acredite dicha\nrepresentaci\u00f3n.<\/p>\n\n\n\n<p>El Usuario podr\u00e1 solicitar el ejercicio de los derechos siguientes:<\/p>\n\n\n\n<ul><li>Derecho a solicitar el <strong>acceso<\/strong> a los datos personales.<\/li><li>Derecho a solicitar su <strong>rectificaci\u00f3n<\/strong> (en caso de que sean\nincorrectos) o <strong>supresi\u00f3n<\/strong>.<\/li><li>Derecho a solicitar la <strong>limitaci\u00f3n<\/strong> de su tratamiento, en cuyo caso\n\u00fanicamente ser\u00e1n conservados por \u201cDrop Light Films\u201d para el ejercicio o la\ndefensa de reclamaciones.<\/li><li>Derecho a <strong>oponerse<\/strong> al tratamiento: \u201cDrop Light\nFilms\u201d dejar\u00e1 de tratar sus datos, salvo que por motivos leg\u00edtimos o el\nejercicio o la defensa de posibles reclamaciones se tengan que seguir tratando.<\/li><li>Derecho a la <strong>portabilidad<\/strong> de los datos: en caso de\nque quiera que sus datos sean tratados por otra empresa, \u201cDrop Light Films\u201d le\nfacilitar\u00e1 la portabilidad de sus datos en formato exportable.<\/li><\/ul>\n\n\n\n<p>En\nel caso de que se haya otorgado el consentimiento para alguna finalidad\nespec\u00edfica, <strong>el Usuario tiene derecho a\nretirar el consentimiento en cualquier momento<\/strong>, sin que ello afecte a la\nlicitud del tratamiento basado en el consentimiento previo a su retirada.<\/p>\n\n\n\n<p>Si\nun Usuario considera que hay un problema con la forma en que \u201cDrop Light Films\u201d\nest\u00e1 manejando sus datos, puede dirigir sus reclamaciones al Responsable de\nSeguridad o a la autoridad de protecci\u00f3n de datos que corresponda, siendo la\nAgencia Espa\u00f1ola de Protecci\u00f3n de Datos la indicada en el caso de Espa\u00f1a.<\/p>\n\n\n\n<p><br>\nConservaci\u00f3n de los datos<\/p>\n\n\n\n<p><a>Los datos de car\u00e1cter personal de los Usuarios que usen el\nformulario de contacto o <\/a><a>que nos env\u00eden un email solicitando <\/a>informaci\u00f3n ser\u00e1n\ntratados durante el tiempo estrictamente necesario para atender a la solicitud\nde informaci\u00f3n, o hasta que se revoque el consentimiento otorgado. <\/p>\n\n\n\n<p>Los\ndatos de car\u00e1cter personal de los Clientes ser\u00e1n tratados hasta que finalice la\nrelaci\u00f3n contractual. El per\u00edodo de conservaci\u00f3n de los datos personales ser\u00e1\nel m\u00ednimo necesario, pudiendo mantenerse hasta:<\/p>\n\n\n\n<ul><li>4 a\u00f1os: Ley sobre\nInfracciones y Sanciones en el Orden Social (obligaciones en materia de\nafiliaci\u00f3n, altas, bajas, cotizaci\u00f3n, pago de salarios\u2026); Arts. 66 y sig. Ley\nGeneral Tributaria (libros de contabilidad\u2026)<\/li><li>5 a\u00f1os: Art. 1964 C\u00f3digo\nCivil (acciones personales sin plazo especial)<\/li><li>6 a\u00f1os: Art. 30 C\u00f3digo de\nComercio (libros de contabilidad, facturas\u2026)<\/li><li>10 a\u00f1os: Art. 25 Ley de\nPrevenci\u00f3n del Blanqueo de Capitales y Financiaci\u00f3n del Terrorismo.<\/li><li>Sin plazo: datos desagregados\ny anonimizados.<\/li><\/ul>\n\n\n\n<p><a>En el caso de tratamiento de datos de candidatos (C.V.), \u201cDrop\nLight Films\u201d podr\u00e1 mantener almacenado su curr\u00edculo un m\u00e1ximo de dos a\u00f1os para\nincorporarlo a futuras convocatorias, a menos que el candidato se manifieste en\ncontrario.<\/a><\/p>\n\n\n\n<p><strong><br>\n<\/strong>Redes sociales<\/p>\n\n\n\n<p><a>\u201cDrop Light Films\u201d <\/a><a>cuenta con perfil <\/a><a>en algunas de <\/a>las principales redes sociales de\nInternet (Facebook), reconoci\u00e9ndose en todos los casos Responsable del\ntratamiento de los datos de sus seguidores, fans, suscriptores, comentaristas y\notros perfiles de Usuarios (en adelante, seguidores) publicados por \u201cDrop Light Films\u201d.<\/p>\n\n\n\n<p>La finalidad\ndel tratamiento de datos por parte de \u201cDrop\nLight Films\u201d, cuando la ley\nno lo proh\u00edba, ser\u00e1 la de informar a sus seguidores sobre sus actividades y\nofertas, por cualquier v\u00eda que la red social permita, as\u00ed como prestar servicio\npersonalizado de atenci\u00f3n al cliente. La base jur\u00eddica que legitima este tratamiento ser\u00e1 el\nconsentimiento del interesado, que podr\u00e1 revocar en cualquier momento.<\/p>\n\n\n\n<p>En ning\u00fan caso \u201cDrop Light Films\u201d extraer\u00e1 datos de las redes sociales, a menos que se\nobtuviera puntual y expresamente el consentimiento del Usuario para ello (por\nejemplo, para la realizaci\u00f3n de un concurso).<\/p>\n\n\n\n<p><br>\nSelecci\u00f3n de personal<\/p>\n\n\n\n<p><a>El aspirante\nque env\u00ede comunicaciones electr\u00f3nicas a <\/a>\u201cDrop Light Films\u201d, con la finalidad de acceder a los procesos de\nselecci\u00f3n de personal del responsable, nos&nbsp;autoriza a analizar:&nbsp;los\ndocumentos&nbsp;remitidos (por ejemplo, el C.V.), todo&nbsp;el contenido que\nsea directamente accesible a trav\u00e9s de buscadores de Internet (por ejemplo,\nGoogle), los perfiles que mantenga en redes sociales profesionales (por\nejemplo, LinkedIn),&nbsp;los datos obtenidos en&nbsp;las pruebas de acceso, y\nla informaci\u00f3n que revele en la entrevista de trabajo; con el objetivo de&nbsp;valorar\nsu candidatura y poder, en su caso, ofrecerle un puesto de trabajo.&nbsp;En\ncaso de que el candidato no sea seleccionado, \u201cDrop Light Films\u201d podr\u00e1 mantener\nalmacenado su C.V.&nbsp;durante un m\u00e1ximo de dos a\u00f1os, para incorporarlo a\nfuturas convocatorias, a menos que el candidato manifieste lo contrario. La\nbase jur\u00eddica que legitima este tratamiento ser\u00e1 el consentimiento del\ninteresado, que podr\u00e1 revocar en cualquier momento.<\/p>\n\n\n\n<p><br>\nConfidencialidad<\/p>\n\n\n\n<p>La informaci\u00f3n suministrada por el cliente tendr\u00e1, en\ntodo caso, la consideraci\u00f3n de confidencial, sin que pueda ser utilizada para\notros fines distintos a los aqu\u00ed descritos. \u201cDrop Light Films\u201d se obliga a no\ndivulgar ni revelar informaci\u00f3n sobre las pretensiones del Usuario, los motivos\ndel asesoramiento solicitado, o la duraci\u00f3n de su relaci\u00f3n con \u00e9ste.<\/p>\n\n\n\n<p><strong><br>\n<\/strong><strong>Validez<\/strong><strong><\/strong><\/p>\n\n\n\n<p>Esta\npol\u00edtica de privacidad y de protecci\u00f3n de datos ha sido redactada por ExpertosLOPD\u00ae, <a href=\"https:\/\/www.expertoslopd.es\/\">empresa de protecci\u00f3n<\/a> de datos, a d\u00eda 10 de diciembre de 2019, y podr\u00e1 variar en funci\u00f3n de los cambios de normativa y\njurisprudencia que se vayan produciendo, siendo responsabilidad del titular de\nlos datos la lectura del documento actualizado, en orden a conocer sus derechos\ny obligaciones al respecto en cada momento.<\/p>\n","protected":false},"excerpt":{"rendered":"<p>\u201cDrop Light Films\u201d se encuentra profundamente comprometido con el cumplimiento de la normativa espa\u00f1ola y europea de protecci\u00f3n de datos&hellip; <a class=\"more-link\" href=\"https:\/\/droplightfilms.com\/?page_id=960\">Read more &raquo;<\/a><\/p>\n","protected":false},"author":3,"featured_media":0,"parent":0,"menu_order":0,"comment_status":"closed","ping_status":"closed","template":"","meta":[],"_links":{"self":[{"href":"https:\/\/droplightfilms.com\/index.php?rest_route=\/wp\/v2\/pages\/960"}],"collection":[{"href":"https:\/\/droplightfilms.com\/index.php?rest_route=\/wp\/v2\/pages"}],"about":[{"href":"https:\/\/droplightfilms.com\/index.php?rest_route=\/wp\/v2\/types\/page"}],"author":[{"embeddable":true,"href":"https:\/\/droplightfilms.com\/index.php?rest_route=\/wp\/v2\/users\/3"}],"replies":[{"embeddable":true,"href":"https:\/\/droplightfilms.com\/index.php?rest_route=%2Fwp%2Fv2%2Fcomments&post=960"}],"version-history":[{"count":3,"href":"https:\/\/droplightfilms.com\/index.php?rest_route=\/wp\/v2\/pages\/960\/revisions"}],"predecessor-version":[{"id":1063,"href":"https:\/\/droplightfilms.com\/index.php?rest_route=\/wp\/v2\/pages\/960\/revisions\/1063"}],"wp:attachment":[{"href":"https:\/\/droplightfilms.com\/index.php?rest_route=%2Fwp%2Fv2%2Fmedia&parent=960"}],"curies":[{"name":"wp","href":"https:\/\/api.w.org\/{rel}","templated":true}]}}