{"id":945,"date":"2019-12-10T11:10:43","date_gmt":"2019-12-10T11:10:43","guid":{"rendered":"http:\/\/droplightfilms.com\/?page_id=945"},"modified":"2023-10-18T10:37:01","modified_gmt":"2023-10-18T10:37:01","slug":"aviso-legal-y-condiciones-de-uso","status":"publish","type":"page","link":"https:\/\/droplightfilms.com\/?page_id=945","title":{"rendered":"Aviso Legal y Condiciones de Uso"},"content":{"rendered":"\t\t<div data-elementor-type=\"wp-page\" data-elementor-id=\"945\" class=\"elementor elementor-945\">\n\t\t\t\t\t\t<div class=\"elementor-inner\">\n\t\t\t\t<div class=\"elementor-section-wrap\">\n\t\t\t\t\t\t\t\t\t<section class=\"elementor-section elementor-top-section elementor-element elementor-element-795fd461 elementor-section-boxed elementor-section-height-default elementor-section-height-default\" data-id=\"795fd461\" data-element_type=\"section\">\n\t\t\t\t\t\t<div class=\"elementor-container elementor-column-gap-default\">\n\t\t\t\t\t\t\t<div class=\"elementor-row\">\n\t\t\t\t\t<div class=\"elementor-column elementor-col-100 elementor-top-column elementor-element elementor-element-6094d13\" data-id=\"6094d13\" data-element_type=\"column\">\n\t\t\t<div class=\"elementor-column-wrap elementor-element-populated\">\n\t\t\t\t\t\t\t<div class=\"elementor-widget-wrap\">\n\t\t\t\t\t\t<div class=\"elementor-element elementor-element-286f5e06 elementor-widget elementor-widget-text-editor\" data-id=\"286f5e06\" data-element_type=\"widget\" data-widget_type=\"text-editor.default\">\n\t\t\t\t<div class=\"elementor-widget-container\">\n\t\t\t\t\t\t\t\t<div class=\"elementor-text-editor elementor-clearfix\">\n\t\t\t\t<p><!-- wp:paragraph --><\/p>\n<p>En<br \/>cumplimiento del art\u00edculo 10 de la Ley 34\/2002, de 11 de julio, de Servicios de<br \/>la Sociedad de la Informaci\u00f3n y del Comercio Electr\u00f3nico (LSSICE), Drop Light<br \/>Films S.L.U. (en adelante, \u201cDrop Light Films\u201d), Responsable de esta web, pone a<br \/>disposici\u00f3n de los Usuarios la presente informaci\u00f3n, para definir sus<br \/>Condiciones de Uso.<\/p>\n<p><!-- \/wp:paragraph --><\/p>\n<p><!-- wp:paragraph --><\/p>\n<p>Adicionalmente<br \/>a los contenidos aqu\u00ed expuestos, los aspectos espec\u00edficos relacionados con la<br \/>protecci\u00f3n de los datos personales y la privacidad de los usuarios de esta web<br \/>se desarrollan en las p\u00e1ginas de Pol\u00edtica de Privacidad y Pol\u00edtica de Cookies.<\/p>\n<p><!-- \/wp:paragraph --><\/p>\n<p><!-- wp:paragraph --><\/p>\n<p>Identidad del Responsable del<br \/>Tratamiento<\/p>\n<p><!-- \/wp:paragraph --><\/p>\n<p><!-- wp:list --><\/p>\n<ul>\n<li><strong>Denominaci\u00f3n Social<\/strong>: Drop Light Films S.L.U.<\/li>\n<li><strong>Nombre Comercial<\/strong>: Drop<br \/>Light Films<\/li>\n<li><strong>CIF<\/strong>: B17946294<\/li>\n<li><strong>Inscrita en<br \/>el Registro Mercantil de Girona: <\/strong>Foli 11, Tom 2.590, Full N\u00fam. Gi-44.099<\/li>\n<li><strong>Domicilio Social<\/strong>: Carrer<br \/>Miquel Oliver n\u00ba5 Sa Cabaneta Marratxi 07141 Palma de Mallorca.<\/li>\n<li><strong>Actividad<\/strong>: Audiovisual<\/li>\n<li><strong>Tel\u00e9fono<\/strong>: 609325945<\/li>\n<li><strong>eMail<\/strong>: <a href=\"mailto:info@droplightfilms.com\">info@droplightfilms.com<\/a>\u00a0\u00a0\u00a0\u00a0\u00a0<\/li>\n<li><strong>Formulario de contacto<\/strong>: <a href=\"http:\/\/droplightfilms.com\/?page_id=35\">http:\/\/droplightfilms.com\/?page_id=35<\/a>\u00a0\u00a0\u00a0\u00a0\u00a0\u00a0\u00a0\u00a0\u00a0\u00a0<\/li>\n<li><strong>Nombre de Dominio<\/strong>: <a href=\"http:\/\/www.droplightfilms.com\">www.droplightfilms.com<\/a>\u00a0\u00a0\u00a0\u00a0\u00a0\u00a0<\/li>\n<li><strong>Registro<br \/>de Tratamientos conforme al RGPD:<\/strong> Clientes\/Proveedores, Videovigilancia,<br \/>Selecci\u00f3n de Personal y Usuarios Web.<\/li>\n<\/ul>\n<p><!-- \/wp:list --><\/p>\n<p><!-- wp:paragraph --><\/p>\n<p><br \/>Finalidad de la Web<\/p>\n<p><!-- \/wp:paragraph --><\/p>\n<p><!-- wp:paragraph --><\/p>\n<p>La web de Drop Light Films tiene la finalidad de informar a clientes y<br \/>potenciales clientes de sus productos y\/o servicios, datos de contacto,<br \/>ubicaci\u00f3n, etc. Adem\u00e1s, en su caso, tambi\u00e9n tendr\u00e1 la finalidad de divulgar<br \/>informaci\u00f3n relacionada con el sector de actividad del Responsable.<\/p>\n<p><!-- \/wp:paragraph --><\/p>\n<p><!-- wp:paragraph --><\/p>\n<p><br \/>Marco Normativo<\/p>\n<p><!-- \/wp:paragraph --><\/p>\n<p><!-- wp:paragraph --><\/p>\n<p>La actividad de esta web se encuentra<br \/>sujeta al marco legal espa\u00f1ol y europeo, concretamente a las siguientes normas:<\/p>\n<p><!-- \/wp:paragraph --><\/p>\n<p><!-- wp:list --><\/p>\n<ul>\n<li>Reglamento General de Protecci\u00f3n de Datos (RGPD) (UE) 2016\/679,<br \/>que regula el tratamiento de datos personales en los pa\u00edses de la Uni\u00f3n<br \/>Europea.<\/li>\n<li>Ley Org\u00e1nica 3\/2018, de 5 de diciembre, sobre protecci\u00f3n de datos<br \/>y derechos digitales (LOPD y GDD), normas de \u00e1mbito regional (aplicables a<br \/>Espa\u00f1a), y que definen y ampl\u00edan muchos de los conceptos y derechos presentes<br \/>en el RGPD.<\/li>\n<li>Ley 34\/2002, de 11 de julio, de Servicios de la<br \/>Sociedad de la Informaci\u00f3n y del Comercio Electr\u00f3nico (LSSICE), norma que<br \/>afecta a aquellas webs que, de alguna forma, realicen actividades econ\u00f3micas<br \/>mediante medios electr\u00f3nicos, como es el caso de esta web.<\/li>\n<\/ul>\n<p><!-- \/wp:list --><\/p>\n<p><!-- wp:paragraph --><\/p>\n<p><br \/>Condiciones de Uso y Responsabilidades<\/p>\n<p><!-- \/wp:paragraph --><\/p>\n<p><!-- wp:paragraph --><\/p>\n<p>Toda persona que acceda a este sitio web<br \/>asume el papel de Usuario, comprometi\u00e9ndose a la observancia y cumplimiento<br \/>riguroso de las condiciones aqu\u00ed dispuestas, as\u00ed como a cualesquiera otra<br \/>disposici\u00f3n legal que fuera de aplicaci\u00f3n. \u201cDrop Light Films\u201d no se har\u00e1 responsable de los da\u00f1os<br \/>y perjuicios, propios o a terceros, producidos por el uso de este sitio web por<br \/>parte del Usuario.<\/p>\n<p><!-- \/wp:paragraph --><\/p>\n<p><!-- wp:paragraph --><\/p>\n<p>\u201cDrop<br \/>Light Films\u201d proporciona el acceso<br \/>a art\u00edculos, informaciones, servicios y datos de su propiedad o de terceros, elaborados con<br \/>fines meramente informativos o divulgativos, que pueden no reflejar el estado<br \/>actual de la legislaci\u00f3n o la jurisprudencia, y que se refieren a situaciones<br \/>generales, por lo que su contenido no debe ser aplicado necesariamente por el<br \/>Usuario a casos concretos. El contenido de esta web, por tanto, no puede ser<br \/>considerado, en ning\u00fan caso, sustitutivo de asesoramiento legal.<\/p>\n<p><!-- \/wp:paragraph --><\/p>\n<p><!-- wp:paragraph --><\/p>\n<p>\u201cDrop<br \/>Light Films\u201d se reserva el derecho a modificar<br \/>cualquier tipo de informaci\u00f3n que pudiera aparecer en la web, en cualquier momento y sin previo aviso, sin que exista obligaci\u00f3n de preavisar o poner en conocimiento<br \/>de los Usuarios dichas obligaciones, entendi\u00e9ndose como suficiente la<br \/>publicaci\u00f3n en el presente sitio web.<\/p>\n<p><!-- \/wp:paragraph --><\/p>\n<p><!-- wp:paragraph --><\/p>\n<p>Este<br \/>sitio web ha sido revisado y probado para que funcione correctamente de manera<br \/>ininterrumpida. No obstante, \u201cDrop Light Films\u201d no descarta la posibilidad de<br \/>que existan ciertos errores de programaci\u00f3n, falta de disponibilidad puntual<br \/>(por ejemplo, ca\u00eddas del servidor, o mantenimiento del mismo) o que acontezcan<br \/>causas de fuerza mayor, cat\u00e1strofes naturales, huelgas, o circunstancias semejantes<br \/>que hagan imposible el acceso temporal a la p\u00e1gina web. De igual forma, \u201cDrop<br \/>Light Films\u201d no\u00a0puede\u00a0garantizar el funcionamiento ininterrumpido o<br \/>totalmente libre de errores de esta web, ni se responsabiliza de los virus que<br \/>tengan su origen en una transmisi\u00f3n telem\u00e1tica infiltrados por terceros<br \/>generados con la finalidad de obtener resultados negativos para un sistema<br \/>inform\u00e1tico.<\/p>\n<p><!-- \/wp:paragraph --><\/p>\n<p><!-- wp:paragraph --><\/p>\n<p>El<br \/>Usuario se compromete a no utilizar esta web ni, si es el caso, los servicios o<br \/>productos ofrecidos en la misma, para la realizaci\u00f3n de actividades contrarias<br \/>a la ley, al orden p\u00fablico o a estas condiciones de uso. Por tanto, \u201cDrop<br \/>Light Films\u201d <strong>no se<br \/>hace responsable de la informaci\u00f3n y contenidos almacenados, a t\u00edtulo<br \/>enunciativo pero no limitativo, en foros, chat\u00b4s, generadores de blogs,<br \/>comentarios, redes sociales o cualesquiera otro medio que permita a terceros<br \/>publicar contenidos. No obstante, y en cumplimiento de lo dispuesto en el art.<br \/>11 y 16 de la LSSI-CE, <\/strong>\u201cDrop Light Films\u201d <strong>se pone a disposici\u00f3n de todos los<br \/>Usuarios, autoridades y fuerzas de seguridad, y colaborando de forma activa en<br \/>la retirada o en su caso bloqueo de todos aquellos contenidos que pudieran<br \/>afectar o contravenir la legislaci\u00f3n nacional, o internacional, derechos de<br \/>terceros, o la moral y el orden p\u00fablico. En caso de que un Usuario considere<br \/>que existe en la web alg\u00fan contenido que pudiera ser susceptible de esta<br \/>clasificaci\u00f3n, se ruega lo notifique de forma inmediata a nuestro personal.<\/strong><\/p>\n<p><!-- \/wp:paragraph --><\/p>\n<p><!-- wp:paragraph --><\/p>\n<p>\u201cDrop Light Films\u201d se reserva el<br \/>derecho a denegar o retirar el acceso a la web sin necesidad de advertencia<br \/>previa, a instancia propia o de un tercero, a aquellos Usuarios que incumplan<br \/>nuestras Condiciones de Uso.<\/p>\n<p><!-- \/wp:paragraph --><\/p>\n<p><!-- wp:paragraph --><\/p>\n<p><br \/>Propiedad Intelectual<\/p>\n<p><!-- \/wp:paragraph --><\/p>\n<p><!-- wp:paragraph --><\/p>\n<p>El sitio web, incluyendo a t\u00edtulo enunciativo<br \/>pero no limitativo su programaci\u00f3n, edici\u00f3n, compilaci\u00f3n y dem\u00e1s elementos<br \/>necesarios para su funcionamiento, los dise\u00f1os, logotipos, texto y\/o gr\u00e1ficos<br \/>son propiedad de \u201cDrop<br \/>Light Films\u201d o, en su caso, dispone de licencia o autorizaci\u00f3n expresa por<br \/>parte de los autores.<\/p>\n<p><!-- \/wp:paragraph --><\/p>\n<p><!-- wp:paragraph --><\/p>\n<p>Todos los contenidos del sitio web se encuentran<br \/>debidamente protegidos por la normativa de propiedad intelectual e industrial<br \/>(art\u00edculos 8 y 32.1, p\u00e1rrafo segundo, de la Ley de Propiedad Intelectual), as\u00ed<br \/>como inscritos en los registros p\u00fablicos correspondientes, y no se<br \/>permite la reproducci\u00f3n y\/o publicaci\u00f3n, total o parcial, del sitio web, ni su<br \/>tratamiento inform\u00e1tico, su distribuci\u00f3n, difusi\u00f3n,\u00a0modificaci\u00f3n o<br \/>transformaci\u00f3n, sin el permiso previo y por escrito del mismo. \u201cDrop Light Films\u201d velar\u00e1 por el<br \/>cumplimiento de las anteriores condiciones, as\u00ed como por la debida utilizaci\u00f3n<br \/>de los contenidos presentados en sus p\u00e1ginas web, ejercitando todas las<br \/>acciones civiles y penales que le correspondan en el caso de infracci\u00f3n o<br \/>incumplimiento de estos derechos por parte del Usuario.<\/p>\n<p><!-- \/wp:paragraph --><\/p>\n<p><!-- wp:paragraph --><\/p>\n<p>Los dise\u00f1os, logotipos, texto y\/o gr\u00e1ficos ajenos<br \/>a \u201cDrop Light Films\u201d y que pudieran aparecer<br \/>en el sitio web, pertenecen a sus respectivos propietarios, siendo ellos mismos<br \/>responsables de cualquier posible controversia que pudiera suscitarse respecto<br \/>a los mismos. En todo caso, \u201cDrop Light Films\u201d cuenta con la<br \/>autorizaci\u00f3n expresa y previa por parte de los mismos. \u201cDrop Light Films\u201d reconoce a favor de sus<br \/>titulares los correspondientes derechos de propiedad industrial e intelectual,<br \/>no implicando su sola menci\u00f3n o aparici\u00f3n en el sitio web la existencia de<br \/>derechos o responsabilidad alguna del Responsable sobre los mismos, como<br \/>tampoco respaldo, patrocinio o recomendaci\u00f3n por parte del mismo.<\/p>\n<p><!-- \/wp:paragraph --><\/p>\n<p><!-- wp:paragraph --><\/p>\n<p><br \/>Enlaces de terceros<\/p>\n<p><!-- \/wp:paragraph --><\/p>\n<p><!-- wp:paragraph --><\/p>\n<p>\u201cDrop<br \/>Light Films\u201d puede poner a\u00a0disposici\u00f3n del\u00a0Usuario\u00a0enlaces u<br \/>otros elementos que permiten el acceso hacia otros sitios web pertenecientes a<br \/>terceros. No comercializamos los productos y\/o servicios de dichas p\u00e1ginas<br \/>enlazadas, ni asumimos ning\u00fan tipo de responsabilidad sobre las mismas, ni<br \/>sobre la informaci\u00f3n contenida en ellas, ni su veracidad o licitud,\u00a0ni de<br \/>cualesquiera efectos que pudieran derivarse.<\/p>\n<p><!-- \/wp:paragraph --><\/p>\n<p><!-- wp:paragraph --><\/p>\n<p>En todo caso, \u201cDrop Light Films\u201d manifiesta que proceder\u00e1 a la retirada inmediata de<br \/>cualquier contenido que pudiera contravenir la legislaci\u00f3n nacional o<br \/>internacional, la moral o el orden p\u00fablico, procediendo a la retirada inmediata<br \/>de la redirecci\u00f3n a dicho sitio web, poniendo en conocimiento de las<br \/>autoridades competentes el contenido en cuesti\u00f3n.<\/p>\n<p><!-- \/wp:paragraph --><\/p>\n<p><!-- wp:paragraph --><\/p>\n<p><br \/>Ley Aplicable y Jurisdicci\u00f3n<a>La<br \/>relaci\u00f3n entre Responsable y Usuario se rige en todos y cada uno de sus<br \/>extremos por la ley espa\u00f1ola, a la<br \/>que se someten expresamente ambas partes. El idioma de redacci\u00f3n e interpretaci\u00f3n de este<br \/>aviso legal es el espa\u00f1ol. Para<br \/>la resoluci\u00f3n de todas las controversias o cuestiones relacionadas con el<br \/>presente sitio web o de las actividades en \u00e9l desarrolladas, \u201cDrop Light Films\u201d y Usuario acuerdan someterse a los Juzgados y Tribunales del domicilio del<br \/>Usuario.<\/a><\/p>\n<p><!-- \/wp:paragraph --><\/p>\t\t\t\t\t<\/div>\n\t\t\t\t\t\t<\/div>\n\t\t\t\t<\/div>\n\t\t\t\t\t\t<\/div>\n\t\t\t\t\t<\/div>\n\t\t<\/div>\n\t\t\t\t\t\t\t\t<\/div>\n\t\t\t\t\t<\/div>\n\t\t<\/section>\n\t\t\t\t\t\t\t\t\t<\/div>\n\t\t\t<\/div>\n\t\t\t\t\t<\/div>\n\t\t","protected":false},"excerpt":{"rendered":"<p>Encumplimiento del art\u00edculo 10 de la Ley 34\/2002, de 11 de julio, de Servicios dela Sociedad de la Informaci\u00f3n y&hellip; <a class=\"more-link\" href=\"https:\/\/droplightfilms.com\/?page_id=945\">Read more &raquo;<\/a><\/p>\n","protected":false},"author":3,"featured_media":0,"parent":0,"menu_order":0,"comment_status":"closed","ping_status":"closed","template":"","meta":[],"_links":{"self":[{"href":"https:\/\/droplightfilms.com\/index.php?rest_route=\/wp\/v2\/pages\/945"}],"collection":[{"href":"https:\/\/droplightfilms.com\/index.php?rest_route=\/wp\/v2\/pages"}],"about":[{"href":"https:\/\/droplightfilms.com\/index.php?rest_route=\/wp\/v2\/types\/page"}],"author":[{"embeddable":true,"href":"https:\/\/droplightfilms.com\/index.php?rest_route=\/wp\/v2\/users\/3"}],"replies":[{"embeddable":true,"href":"https:\/\/droplightfilms.com\/index.php?rest_route=%2Fwp%2Fv2%2Fcomments&post=945"}],"version-history":[{"count":7,"href":"https:\/\/droplightfilms.com\/index.php?rest_route=\/wp\/v2\/pages\/945\/revisions"}],"predecessor-version":[{"id":1140,"href":"https:\/\/droplightfilms.com\/index.php?rest_route=\/wp\/v2\/pages\/945\/revisions\/1140"}],"wp:attachment":[{"href":"https:\/\/droplightfilms.com\/index.php?rest_route=%2Fwp%2Fv2%2Fmedia&parent=945"}],"curies":[{"name":"wp","href":"https:\/\/api.w.org\/{rel}","templated":true}]}}