{"id":23,"date":"2013-10-04T15:19:59","date_gmt":"2013-10-04T15:19:59","guid":{"rendered":"http:\/\/localhost:8888\/wordpress\/?page_id=23"},"modified":"2019-08-12T16:53:24","modified_gmt":"2019-08-12T16:53:24","slug":"quienes-somos","status":"publish","type":"page","link":"https:\/\/droplightfilms.com\/?page_id=23","title":{"rendered":"Quienes somos"},"content":{"rendered":"<p>&nbsp;<\/p>\n<p><span style=\"font-size: large;\">&nbsp; &nbsp;La realizaci\u00f3n de proyectos audiovisuales es para nosotros una profesi\u00f3n muy gratificante debido a que disfrutamos haciendo nuestro trabajo. Sabemos que para que nuestras producciones sean favorables a nuestros clientes no solo es importante la est\u00e9tica del producto, tambi\u00e9n lo es reportar al cliente la inversi\u00f3n econ\u00f3mica realizada, rentabilizando y potenciando su imagen corporativa, as\u00ed como sus productos.<\/span><\/p>\n<p style=\"font-family: Arial, Helvetica, sans-serif; vertical-align: middle; text-indent: 10pt; white-space: normal; position: relative;\"><span style=\"font-size: large;\"> <img decoding=\"async\" loading=\"lazy\" class=\" wp-image-243 alignright\" style=\"border: 2px solid black; margin-top: 20px; margin-bottom: 20px;\" src=\"http:\/\/droplightfilms.com\/wordpress\/wp-content\/uploads\/2014\/03\/DSC_3946-1024x681.jpg\" alt=\"GOT-rodaje\" width=\"350\" height=\"200\"><\/span><\/p>\n<p>&nbsp;<\/p>\n<p style=\"font-family: Arial, Helvetica, sans-serif; vertical-align: middle; text-indent: 10pt; white-space: normal; position: relative;\"><span style=\"font-size: large;\">DropLightFilms&nbsp; tiene una larga trayectoria en el mundo audiovisual. La vocaci\u00f3n did\u00e1ctica con la que fue fundada en 2007,para desarrollar y producir proyectos de los alumnos de la escuela DLF, junto a la que se cre\u00f3, perdura en la filosof\u00eda de sus profesionales que est\u00e1n en constante formaci\u00f3n e investigaci\u00f3n.<\/span><\/p>\n<p>&nbsp;<\/p>\n<p style=\"font-family: Arial, Helvetica, sans-serif; vertical-align: middle; text-indent: 10pt; white-space: normal; position: relative;\"><span style=\"font-size: large;\">En DropLightFilms siempre hemos estado alerta ante los avances tecnol\u00f3gicos dentro y fuera del mundo audiovisual, aplic\u00e1ndolos en nuestras grabaciones y enriqueciendo as\u00ed el resultado final de nuestros trabajos. Somos&nbsp; profesionales con largas trayectorias en todas las facetas del mundo audiovisual; cine, publicidad, televisi\u00f3n y dise\u00f1o gr\u00e1fico.<\/span><\/p>\n<p><img decoding=\"async\" loading=\"lazy\" class=\"size-medium wp-image-281 alignleft\" style=\"border: 2px solid black; margin-top: 30px; margin-bottom: 10px;\" src=\"http:\/\/droplightfilms.com\/wordpress\/wp-content\/uploads\/2014\/03\/DSC_5021-1024x683.jpg\" alt=\"piscina\" width=\"400\" height=\"225\"><br \/>\n&nbsp;<\/p>\n<p style=\"font-family: Arial, Helvetica, sans-serif; vertical-align: middle; text-indent: 10pt; white-space: normal; position: relative;\"><span style=\"font-size: large;\">Contamos con equipos propios de grabaci\u00f3n y post-producci\u00f3n lo que nos permite una mayor libertad a la hora de presupuestar los distintos proyectos.Nos hacemos cargo de su proyecto en cualquiera de sus fases; desde la creaci\u00f3n de una idea hasta su grabaci\u00f3n, la post-producci\u00f3n y la difusi\u00f3n.<\/span><\/p>\n<h1 style=\"font-family: Arial, Helvetica, sans-serif; vertical-align: middle; text-indent: 10pt; white-space: normal; position: relative; text-align: center;\"><span style=\"font-size: large; color: #ff0000;\">\u00a1En Drop Light Films nos gusta nuestro trabajo y disfrutamos haci\u00e9ndolo!<\/span><\/h1>\n","protected":false},"excerpt":{"rendered":"<p>&nbsp; &nbsp; &nbsp;La realizaci\u00f3n de proyectos audiovisuales es para nosotros una profesi\u00f3n muy gratificante debido a que disfrutamos haciendo nuestro&hellip; <a class=\"more-link\" href=\"https:\/\/droplightfilms.com\/?page_id=23\">Read more &raquo;<\/a><\/p>\n","protected":false},"author":1,"featured_media":0,"parent":15,"menu_order":0,"comment_status":"open","ping_status":"open","template":"home-composition.php","meta":[],"_links":{"self":[{"href":"https:\/\/droplightfilms.com\/index.php?rest_route=\/wp\/v2\/pages\/23"}],"collection":[{"href":"https:\/\/droplightfilms.com\/index.php?rest_route=\/wp\/v2\/pages"}],"about":[{"href":"https:\/\/droplightfilms.com\/index.php?rest_route=\/wp\/v2\/types\/page"}],"author":[{"embeddable":true,"href":"https:\/\/droplightfilms.com\/index.php?rest_route=\/wp\/v2\/users\/1"}],"replies":[{"embeddable":true,"href":"https:\/\/droplightfilms.com\/index.php?rest_route=%2Fwp%2Fv2%2Fcomments&post=23"}],"version-history":[{"count":18,"href":"https:\/\/droplightfilms.com\/index.php?rest_route=\/wp\/v2\/pages\/23\/revisions"}],"predecessor-version":[{"id":821,"href":"https:\/\/droplightfilms.com\/index.php?rest_route=\/wp\/v2\/pages\/23\/revisions\/821"}],"up":[{"embeddable":true,"href":"https:\/\/droplightfilms.com\/index.php?rest_route=\/wp\/v2\/pages\/15"}],"wp:attachment":[{"href":"https:\/\/droplightfilms.com\/index.php?rest_route=%2Fwp%2Fv2%2Fmedia&parent=23"}],"curies":[{"name":"wp","href":"https:\/\/api.w.org\/{rel}","templated":true}]}}