{"id":100,"date":"2013-10-11T16:15:56","date_gmt":"2013-10-11T16:15:56","guid":{"rendered":"http:\/\/localhost:8888\/wordpress\/?page_id=100"},"modified":"2014-07-23T09:54:52","modified_gmt":"2014-07-23T09:54:52","slug":"produccion-de-audiovisuales","status":"publish","type":"page","link":"https:\/\/droplightfilms.com\/?page_id=100","title":{"rendered":"Producci\u00f3n de Audiovisuales"},"content":{"rendered":"<p><span style=\"font-size: large;\">\u00a0 \u00a0La experiencia en distintos \u00e1mbitos del audiovisual nos aporta la capacidad de adaptaci\u00f3n necesaria para desarrollar cualquier tipo de proyecto.<\/span><\/p>\n<p><span style=\"font-size: large;\">\u00a0 \u00a0Tenemos experiencia en documentales, publicidad (tanto en video como impresa), ficci\u00f3n, programas de tv y publireportajes.<\/span><\/p>\n<p><span style=\"font-size: large;\">\u00a0 \u00a0Disponemos de equipos de grabaci\u00f3n y post-producci\u00f3n propios como c\u00e1maras, gr\u00faas, drones, sistemas de grabaci\u00f3n de audio e iluminaci\u00f3n \u00a0que nos permiten ser m\u00e1s resolutivos en todo momento.<\/span><br \/>\n<span style=\"font-size: large;\">\u00a0<\/span><\/p>\n","protected":false},"excerpt":{"rendered":"<p>\u00a0 \u00a0La experiencia en distintos \u00e1mbitos del audiovisual nos aporta la capacidad de adaptaci\u00f3n necesaria para desarrollar cualquier tipo de&hellip; <a class=\"more-link\" href=\"https:\/\/droplightfilms.com\/?page_id=100\">Read more &raquo;<\/a><\/p>\n","protected":false},"author":1,"featured_media":0,"parent":29,"menu_order":0,"comment_status":"open","ping_status":"open","template":"home-composition.php","meta":[],"_links":{"self":[{"href":"https:\/\/droplightfilms.com\/index.php?rest_route=\/wp\/v2\/pages\/100"}],"collection":[{"href":"https:\/\/droplightfilms.com\/index.php?rest_route=\/wp\/v2\/pages"}],"about":[{"href":"https:\/\/droplightfilms.com\/index.php?rest_route=\/wp\/v2\/types\/page"}],"author":[{"embeddable":true,"href":"https:\/\/droplightfilms.com\/index.php?rest_route=\/wp\/v2\/users\/1"}],"replies":[{"embeddable":true,"href":"https:\/\/droplightfilms.com\/index.php?rest_route=%2Fwp%2Fv2%2Fcomments&post=100"}],"version-history":[{"count":8,"href":"https:\/\/droplightfilms.com\/index.php?rest_route=\/wp\/v2\/pages\/100\/revisions"}],"predecessor-version":[{"id":633,"href":"https:\/\/droplightfilms.com\/index.php?rest_route=\/wp\/v2\/pages\/100\/revisions\/633"}],"up":[{"embeddable":true,"href":"https:\/\/droplightfilms.com\/index.php?rest_route=\/wp\/v2\/pages\/29"}],"wp:attachment":[{"href":"https:\/\/droplightfilms.com\/index.php?rest_route=%2Fwp%2Fv2%2Fmedia&parent=100"}],"curies":[{"name":"wp","href":"https:\/\/api.w.org\/{rel}","templated":true}]}}